{"id":2087,"date":"2016-05-07T22:56:10","date_gmt":"2016-05-07T20:56:10","guid":{"rendered":"http:\/\/wp.venusorchestra.com\/de\/?page_id=2087"},"modified":"2024-02-08T12:32:49","modified_gmt":"2024-02-08T10:32:49","slug":"kontakt","status":"publish","type":"page","link":"https:\/\/venusorchestra.com\/de\/kontakt\/","title":{"rendered":"Kontakt"},"content":{"rendered":"<div class=\"wpb-content-wrapper\">[vc_row section_mode=&#8220;fluid&#8220; no_margin_padding=&#8220;yes&#8220; bg_attachment=&#8220;scroll&#8220;][vc_column width=&#8220;1\/2&#8243; equals_col_height=&#8220;yes&#8220;][az_blank_divider height_value=&#8220;40&#8243; responsive_lg=&#8220;hidden-lg&#8220; responsive_md=&#8220;hidden-md&#8220;][az_column_text]\n<h6>Schreiben Sie uns<\/h6>\n[\/az_column_text]<div role=\"form\" class=\"wpcf7\" id=\"wpcf7-f2424-o1\" lang=\"en-US\" dir=\"ltr\">\n<div class=\"screen-reader-response\" role=\"alert\" aria-live=\"polite\"><\/div>\n<form action=\"\/de\/wp-json\/wp\/v2\/pages\/2087#wpcf7-f2424-o1\" method=\"post\" class=\"wpcf7-form init\" novalidate=\"novalidate\">\n<div style=\"display: none;\">\n<input type=\"hidden\" name=\"_wpcf7\" value=\"2424\" \/>\n<input type=\"hidden\" name=\"_wpcf7_version\" value=\"5.2.1\" \/>\n<input type=\"hidden\" name=\"_wpcf7_locale\" value=\"en_US\" \/>\n<input type=\"hidden\" name=\"_wpcf7_unit_tag\" value=\"wpcf7-f2424-o1\" \/>\n<input type=\"hidden\" name=\"_wpcf7_container_post\" value=\"0\" \/>\n<input type=\"hidden\" name=\"_wpcf7_posted_data_hash\" value=\"\" \/>\n<\/div>\n<p><span class=\"wpcf7-form-control-wrap your-name\"><input type=\"text\" name=\"your-name\" value=\"\" size=\"40\" class=\"wpcf7-form-control wpcf7-text wpcf7-validates-as-required\" aria-required=\"true\" aria-invalid=\"false\" placeholder=\"Name\" \/><\/span><\/p>\n<p><span class=\"wpcf7-form-control-wrap your-email\"><input type=\"email\" name=\"your-email\" value=\"\" size=\"40\" class=\"wpcf7-form-control wpcf7-text wpcf7-email wpcf7-validates-as-required wpcf7-validates-as-email\" aria-required=\"true\" aria-invalid=\"false\" placeholder=\"E-Mail\" \/><\/span><\/p>\n<p><span class=\"wpcf7-form-control-wrap your-subject\"><input type=\"text\" name=\"your-subject\" value=\"\" size=\"40\" class=\"wpcf7-form-control wpcf7-text\" aria-invalid=\"false\" placeholder=\"Betreff\" \/><\/span><\/p>\n<p><span class=\"wpcf7-form-control-wrap your-message\"><textarea name=\"your-message\" cols=\"40\" rows=\"10\" class=\"wpcf7-form-control wpcf7-textarea\" aria-invalid=\"false\" placeholder=\"Ihre Nachricht\"><\/textarea><\/span><\/p>\n<p><input type=\"submit\" value=\"Senden\" class=\"wpcf7-form-control wpcf7-submit\" \/><\/p>\n<p style=\"display: none !important;\" class=\"akismet-fields-container\" data-prefix=\"_wpcf7_ak_\"><label>&#916;<textarea name=\"_wpcf7_ak_hp_textarea\" cols=\"45\" rows=\"8\" maxlength=\"100\"><\/textarea><\/label><input type=\"hidden\" id=\"ak_js_1\" name=\"_wpcf7_ak_js\" value=\"113\"\/><script>document.getElementById( \"ak_js_1\" ).setAttribute( \"value\", ( new Date() ).getTime() );<\/script><\/p><div class=\"wpcf7-response-output\" role=\"alert\" aria-hidden=\"true\"><\/div><\/form><\/div>[az_blank_divider height_value=&#8220;40&#8243; responsive_lg=&#8220;hidden-lg&#8220; responsive_md=&#8220;hidden-md&#8220;][\/vc_column][vc_column width=&#8220;1\/2&#8243; column_mode=&#8220;custom_col_color&#8220; equals_col_height=&#8220;yes&#8220; min_column_height=&#8220;250&#8243; custom_bg_color=&#8220;#1e73be&#8220;][az_column_text]\n<h6><span style=\"color: #ffffff;\">Kontakt \/ Impressum<\/span><\/h6>\n<p><span style=\"color: #ffffff;\"> VO Productions &amp; Publishing GmbH<br \/>\nKaiser-Joseph-Str. 229<br \/>\n79098 Freiburg<br \/>\nGesch\u00e4ftsf\u00fchrer: Slawomir Sowula<\/span><\/p>\n<p><span style=\"color: #ffffff;\">Tel. +49 (0)761 488 04 09<br \/>\noffice@venusorchestra.com<\/span><\/p>\n<p><span style=\"color: #ffffff;\">Amtsgericht: AG Freiburg i. Br. HRB 711286<br \/>\nUSt-ID: DE29465830<\/span><\/p>\n<p style=\"font-size: 11px; line-height: 120%;\"><span style=\"color: #ffffff;\"> Wir pr\u00fcfen und aktualisieren die Informationen auf dieser Webseite st\u00e4ndig. Trotz aller Sorgfalt k\u00f6nnen sich die Daten inzwischen ver\u00e4ndert haben. Eine Haftung oder Garantie f\u00fcr die Aktualit\u00e4t, Richtigkeit und Vollst\u00e4ndigkeit der zur Verf\u00fcgung gestellten Informationen kann daher nicht \u00fcbernommen werden. Gleiches gilt auch f\u00fcr alle anderen Webseiten, auf die mittels Hyperlink verwiesen wird. Wir sind f\u00fcr den Inhalt der Webseiten, die aufgrund einer solchen Verbindung erreicht werden, nicht verantwortlich. Wir behalten uns das Recht vor, \u00c4nderungen oder Erg\u00e4nzungen der bereitgestellten Informationen vorzunehmen. Die Vervielf\u00e4ltigung von Informationen oder Daten von dieser Website, insbesondere die Verwendung von Texten, Textteilen oder Bild- und Videomaterial, bedarf unserer vorherigen Zustimmung.<\/span><\/p>\n<p><span style=\"color: #ffffff;\">Fotos von Artur Shevel<\/span>[\/az_column_text][\/vc_column][\/vc_row]\n<\/div>","protected":false},"excerpt":{"rendered":"<p>[vc_row section_mode=&#8220;fluid&#8220; no_margin_padding=&#8220;yes&#8220; bg_attachment=&#8220;scroll&#8220;][vc_column width=&#8220;1\/2&#8243; equals_col_height=&#8220;yes&#8220;][az_blank_divider height_value=&#8220;40&#8243; responsive_lg=&#8220;hidden-lg&#8220; responsive_md=&#8220;hidden-md&#8220;][az_column_text] Schreiben Sie uns [\/az_column_text][az_blank_divider height_value=&#8220;40&#8243; responsive_lg=&#8220;hidden-lg&#8220; responsive_md=&#8220;hidden-md&#8220;][\/vc_column][vc_column width=&#8220;1\/2&#8243; column_mode=&#8220;custom_col_color&#8220; equals_col_height=&#8220;yes&#8220; min_column_height=&#8220;250&#8243; custom_bg_color=&#8220;#1e73be&#8220;][az_column_text] Kontakt \/ Impressum VO Productions &amp; Publishing GmbH Kaiser-Joseph-Str. 229 79098 Freiburg Gesch\u00e4ftsf\u00fchrer: Slawomir Sowula Tel. +49 (0)761 488 04 09 office@venusorchestra.com Amtsgericht: AG Freiburg i. Br. HRB 711286 USt-ID: DE29465830 Wir pr\u00fcfen und [&hellip;]<\/p>\n","protected":false},"author":1,"featured_media":0,"parent":0,"menu_order":0,"comment_status":"open","ping_status":"open","template":"template-contact.php","meta":[],"_links":{"self":[{"href":"https:\/\/venusorchestra.com\/de\/wp-json\/wp\/v2\/pages\/2087"}],"collection":[{"href":"https:\/\/venusorchestra.com\/de\/wp-json\/wp\/v2\/pages"}],"about":[{"href":"https:\/\/venusorchestra.com\/de\/wp-json\/wp\/v2\/types\/page"}],"author":[{"embeddable":true,"href":"https:\/\/venusorchestra.com\/de\/wp-json\/wp\/v2\/users\/1"}],"replies":[{"embeddable":true,"href":"https:\/\/venusorchestra.com\/de\/wp-json\/wp\/v2\/comments?post=2087"}],"version-history":[{"count":11,"href":"https:\/\/venusorchestra.com\/de\/wp-json\/wp\/v2\/pages\/2087\/revisions"}],"predecessor-version":[{"id":4084,"href":"https:\/\/venusorchestra.com\/de\/wp-json\/wp\/v2\/pages\/2087\/revisions\/4084"}],"wp:attachment":[{"href":"https:\/\/venusorchestra.com\/de\/wp-json\/wp\/v2\/media?parent=2087"}],"curies":[{"name":"wp","href":"https:\/\/api.w.org\/{rel}","templated":true}]}}